{"id":10,"date":"2023-10-09T11:46:51","date_gmt":"2023-10-09T11:46:51","guid":{"rendered":"https:\/\/peterbenett.hu\/?page_id=10"},"modified":"2024-03-04T19:35:43","modified_gmt":"2024-03-04T19:35:43","slug":"kezdolap","status":"publish","type":"page","link":"https:\/\/peterbenett.hu\/","title":{"rendered":"Hogy is van ez?"},"content":{"rendered":"\n<p><br>\u00dcdv\u00f6zl\u00fcnk a\u00a0  <strong>P\u00a0E T E\u00a0R\u00a0\u00a0\u00a0B\u00a0E\u00a0N\u00a0E T T\u00a0\u00a0<\/strong>R\u00e9k\u00e1m\u00fcgyn\u00f6ks\u00e9g\u00a0oldal\u00e1n!<br><br><br>T\u00f6bb mint h\u00fasz\u00a0\u00e9v tapasztalattal b\u00fcszk\u00e9n szolg\u00e1ljuk \u00fcgyfeleinket teljesk\u00f6r\u0171 kreat\u00edv \u00f6tkletekkel \u00e9s hozz\u00e1 kapcsol\u00f3d\u00f3 mindenfajta grafikai , nyomdai szervez\u0151i \u00e9s rek\u00e1maj\u00e1nd\u00e9k szolg\u00e1ltat\u00e1sokkal.   Az id\u0151 sor\u00e1n min\u0151s\u00e9g\u00fcnk csak jobb lett, mint egy j\u00f3 bor!<br><br>Rekl\u00e1maj\u00e1nd\u00e9kaink olyan kreat\u00edvok \u00e9s egyediek, hogy m\u00e9g a Mikul\u00e1s is irigyeln\u00e9 \u0151ket!              Szem\u00e9lyre szabott aj\u00e1nd\u00e9kokat kre\u00e1lunk, hogy meg\u00f6rvendeztethesd \u00fcgyfeleindet.<br><br>Nemzetk\u00f6zi kapcsolatainkkal a vil\u00e1g minden t\u00e1j\u00e1r\u00f3l \u00e9rkez\u0151 friss \u00f6tleteket hozuk el neked.  Ezeket kombin\u00e1lva is \u00e9p\u00edtj\u00fck\u00a0a brandet!<br><br>Ha kreat\u00edv marketing \u00f6tletekre van sz\u00fcks\u00e9ged, n\u00e1lunk megtal\u00e1lod \u0151ket! Olyan j\u00f3pofas\u00e1gokkal rukkolunk el\u0151, amelyek garant\u00e1ltan kiemelnek a t\u00f6megb\u0151l.<\/p>\n\n\n\n<p>Filmforgat\u00e1s kreat\u00edv munk\u00e1latok, szervez\u00e9s  \u00e9s hozz\u00e1 kapcsol\u00f3d\u00f3 komplex feladatok megtervez\u00e9s\u00e9ben \u00e9s kivitelez\u00e9s\u00e9ben tudjuk igaz\u00e1n kamatoztatni  ismereteinket. Hogy b\u00fcszke lehess, ha leforog \u00e9leted filme a szemeid el\u00f6tt. \ud83d\ude42 <br><br>Tan\u00e1csad\u00e1sunkkal seg\u00edt\u00fcnk eligazodni a digit\u00e1lis marketing \u00e9s a mesters\u00e9ges intelligencia dzsungelj\u00e9ben, hogy ezt mind \u00e1tl\u00e1sd \u00e9s k\u00f6nnyebben a cs\u00facsra juthass ezen eszk\u00f6z\u00f6k seg\u00edts\u00e9g\u00e9vel.<br><\/p>\n\n\n\n<figure class=\"wp-block-image size-full\"><img fetchpriority=\"high\" decoding=\"async\" width=\"772\" height=\"226\" src=\"https:\/\/peterbenett.hu\/wp-content\/uploads\/2023\/10\/logo.png\" alt=\"\" class=\"wp-image-48\" srcset=\"https:\/\/peterbenett.hu\/wp-content\/uploads\/2023\/10\/logo.png 772w, https:\/\/peterbenett.hu\/wp-content\/uploads\/2023\/10\/logo-300x88.png 300w, https:\/\/peterbenett.hu\/wp-content\/uploads\/2023\/10\/logo-768x225.png 768w\" sizes=\"(max-width: 767px) 89vw, (max-width: 1000px) 54vw, (max-width: 1071px) 543px, 580px\" \/><\/figure>\n","protected":false},"excerpt":{"rendered":"<p>\u00dcdv\u00f6zl\u00fcnk a\u00a0 P\u00a0E T E\u00a0R\u00a0\u00a0\u00a0B\u00a0E\u00a0N\u00a0E T T\u00a0\u00a0R\u00e9k\u00e1m\u00fcgyn\u00f6ks\u00e9g\u00a0oldal\u00e1n! T\u00f6bb mint h\u00fasz\u00a0\u00e9v tapasztalattal b\u00fcszk\u00e9n szolg\u00e1ljuk \u00fcgyfeleinket teljesk\u00f6r\u0171 kreat\u00edv \u00f6tkletekkel \u00e9s hozz\u00e1 kapcsol\u00f3d\u00f3 mindenfajta grafikai , nyomdai szervez\u0151i \u00e9s rek\u00e1maj\u00e1nd\u00e9k szolg\u00e1ltat\u00e1sokkal. Az id\u0151 sor\u00e1n min\u0151s\u00e9g\u00fcnk csak jobb lett, mint egy j\u00f3 bor! Rekl\u00e1maj\u00e1nd\u00e9kaink olyan kreat\u00edvok \u00e9s egyediek, hogy m\u00e9g a Mikul\u00e1s is irigyeln\u00e9 \u0151ket! Szem\u00e9lyre szabott aj\u00e1nd\u00e9kokat kre\u00e1lunk, &hellip; <\/p>\n<p class=\"link-more\"><a href=\"https:\/\/peterbenett.hu\/\" class=\"more-link\"><span class=\"screen-reader-text\">&#8222;Hogy is van ez?&#8221;<\/span> b\u0151vebben<\/a><\/p>\n","protected":false},"author":1,"featured_media":0,"parent":0,"menu_order":0,"comment_status":"closed","ping_status":"closed","template":"","meta":{"footnotes":""},"class_list":["post-10","page","type-page","status-publish","hentry"],"_links":{"self":[{"href":"https:\/\/peterbenett.hu\/index.php?rest_route=\/wp\/v2\/pages\/10","targetHints":{"allow":["GET"]}}],"collection":[{"href":"https:\/\/peterbenett.hu\/index.php?rest_route=\/wp\/v2\/pages"}],"about":[{"href":"https:\/\/peterbenett.hu\/index.php?rest_route=\/wp\/v2\/types\/page"}],"author":[{"embeddable":true,"href":"https:\/\/peterbenett.hu\/index.php?rest_route=\/wp\/v2\/users\/1"}],"replies":[{"embeddable":true,"href":"https:\/\/peterbenett.hu\/index.php?rest_route=%2Fwp%2Fv2%2Fcomments&post=10"}],"version-history":[{"count":17,"href":"https:\/\/peterbenett.hu\/index.php?rest_route=\/wp\/v2\/pages\/10\/revisions"}],"predecessor-version":[{"id":120,"href":"https:\/\/peterbenett.hu\/index.php?rest_route=\/wp\/v2\/pages\/10\/revisions\/120"}],"wp:attachment":[{"href":"https:\/\/peterbenett.hu\/index.php?rest_route=%2Fwp%2Fv2%2Fmedia&parent=10"}],"curies":[{"name":"wp","href":"https:\/\/api.w.org\/{rel}","templated":true}]}}