{"id":11,"date":"2023-10-09T11:46:51","date_gmt":"2023-10-09T11:46:51","guid":{"rendered":"https:\/\/peterbenett.hu\/?page_id=11"},"modified":"2024-11-12T20:27:37","modified_gmt":"2024-11-12T20:27:37","slug":"rolunk","status":"publish","type":"page","link":"https:\/\/peterbenett.hu\/?page_id=11","title":{"rendered":"Exkluz\u00edv \u00fcgyf\u00e9lk\u00f6r:"},"content":{"rendered":"\n<p>K\u00f6sz\u00f6nj\u00fck, hogy te is meg\u00e1togattad oldalunkat. <\/p>\n\n\n\n<p>A legjobb helyen vagy, ha egyedi rek\u00e1m\u00f6tletekre \u00e9s kivitelez\u00e9sre v\u00e1gysz. <\/p>\n\n\n\n<p><\/p>\n\n\n\n<p>V\u00e1logatott \u00fcgyfelekkel dolgozunk, ink\u00e1bb a kev\u00e9s partner, de a tot\u00e1lis kiszolg\u00e1l\u00e1s a mott\u00f3nk.<\/p>\n\n\n\n<p>Ha pedig m\u00e1r vel\u00fcnk dolgozol, akkor most val\u00f3sz\u00edn\u00fcleg \u00e9pp mosolyogsz. \ud83d\ude42<\/p>\n","protected":false},"excerpt":{"rendered":"<p>K\u00f6sz\u00f6nj\u00fck, hogy te is meg\u00e1togattad oldalunkat. A legjobb helyen vagy, ha egyedi rek\u00e1m\u00f6tletekre \u00e9s kivitelez\u00e9sre v\u00e1gysz. V\u00e1logatott \u00fcgyfelekkel dolgozunk, ink\u00e1bb a kev\u00e9s partner, de a tot\u00e1lis kiszolg\u00e1l\u00e1s a mott\u00f3nk. Ha pedig m\u00e1r vel\u00fcnk dolgozol, akkor most val\u00f3sz\u00edn\u00fcleg \u00e9pp mosolyogsz. \ud83d\ude42<\/p>\n","protected":false},"author":1,"featured_media":80,"parent":0,"menu_order":0,"comment_status":"closed","ping_status":"closed","template":"","meta":{"footnotes":""},"class_list":["post-11","page","type-page","status-publish","has-post-thumbnail","hentry"],"_links":{"self":[{"href":"https:\/\/peterbenett.hu\/index.php?rest_route=\/wp\/v2\/pages\/11","targetHints":{"allow":["GET"]}}],"collection":[{"href":"https:\/\/peterbenett.hu\/index.php?rest_route=\/wp\/v2\/pages"}],"about":[{"href":"https:\/\/peterbenett.hu\/index.php?rest_route=\/wp\/v2\/types\/page"}],"author":[{"embeddable":true,"href":"https:\/\/peterbenett.hu\/index.php?rest_route=\/wp\/v2\/users\/1"}],"replies":[{"embeddable":true,"href":"https:\/\/peterbenett.hu\/index.php?rest_route=%2Fwp%2Fv2%2Fcomments&post=11"}],"version-history":[{"count":8,"href":"https:\/\/peterbenett.hu\/index.php?rest_route=\/wp\/v2\/pages\/11\/revisions"}],"predecessor-version":[{"id":123,"href":"https:\/\/peterbenett.hu\/index.php?rest_route=\/wp\/v2\/pages\/11\/revisions\/123"}],"wp:featuredmedia":[{"embeddable":true,"href":"https:\/\/peterbenett.hu\/index.php?rest_route=\/wp\/v2\/media\/80"}],"wp:attachment":[{"href":"https:\/\/peterbenett.hu\/index.php?rest_route=%2Fwp%2Fv2%2Fmedia&parent=11"}],"curies":[{"name":"wp","href":"https:\/\/api.w.org\/{rel}","templated":true}]}}